{"id":2174,"date":"2021-03-29T10:29:44","date_gmt":"2021-03-29T10:29:44","guid":{"rendered":"http:\/\/okthemes.com\/villenoirdemonew\/?page_id=2174"},"modified":"2021-03-29T10:29:44","modified_gmt":"2021-03-29T10:29:44","slug":"products-carousel","status":"publish","type":"page","link":"https:\/\/weinzaepfel.fr\/en\/products-carousel\/","title":{"rendered":"Products carousel"},"content":{"rendered":"<div class=\"vc_row wpb_row vc_row-fluid\"><div class=\"wpb_column vc_column_container vc_col-sm-12\"><div class=\"vc_column-inner\"><div class=\"wpb_wrapper\">\n\t<div class=\"woocommerce\">\n\t<div class=\"gg_products_grid\">\n\t<div class=\"clearfix\"><\/div><div  data-slick='{  \"slidesToShow\": 3,  \"arrows\": true,  \"dots\": true,  \"autoplay\": false,  \"infinite\": true,  \"slidesToScroll\": 1,  \"responsive\": [{\"breakpoint\": 1024, \"settings\": {\"slidesToShow\": 3, \"slidesToScroll\": 1}}, {\"breakpoint\": 600, \"settings\": {\"slidesToShow\": 2, \"slidesToScroll\": 1}}, {\"breakpoint\": 480, \"settings\": {\"slidesToShow\": 1, \"slidesToScroll\": 1}}]  }'  class=\"el-grid no_magnific products row gg-slick-carousel\" data-layout-mode=\"carousel\" data-pagination=\"none\">\n\t<div class=\"product  grid-cat-cuvee-lolo grid-cat-vins-blancs\">\n\t\r\n\r\n<div class=\"gg-product-image-wrapper\"><\/div><\/a><div class=\"gg-product-meta-wrapper\">\n\t<span class=\"price\"><span class=\"woocommerce-Price-amount amount\"><bdi>16.00<span class=\"woocommerce-Price-currencySymbol\">&euro;<\/span><\/bdi><\/span><\/span>\n<a href=\"?add-to-cart=5213\" data-quantity=\"1\" class=\"button product_type_simple add_to_cart_button ajax_add_to_cart\" data-product_id=\"5213\" data-product_sku=\"\" aria-label=\"Add \u201cCuv\u00e9e Tout Schuss\u201d to your basket\" rel=\"nofollow\" data-no-translation=\"\" data-trp-gettext=\"\" data-no-translation-aria-label=\"\">Add to basket<\/a><\/div>\n\t<\/div>\n\t<div class=\"product  grid-cat-riesling grid-cat-vins-blancs\">\n\t\r\n\r\n<div class=\"gg-product-image-wrapper\"><\/div><\/a><div class=\"gg-product-meta-wrapper\">\n\t<span class=\"price\"><span class=\"woocommerce-Price-amount amount\"><bdi>53.00<span class=\"woocommerce-Price-currencySymbol\">&euro;<\/span><\/bdi><\/span><\/span>\n<a href=\"?add-to-cart=5212\" data-quantity=\"1\" class=\"button product_type_simple add_to_cart_button ajax_add_to_cart\" data-product_id=\"5212\" data-product_sku=\"\" aria-label=\"Add \u201cRiesling W S\u00e9lection de vignes quasi centenaires\u201d to your basket\" rel=\"nofollow\" data-no-translation=\"\" data-trp-gettext=\"\" data-no-translation-aria-label=\"\">Add to basket<\/a><\/div>\n\t<\/div>\n\t<div class=\"product  grid-cat-riesling grid-cat-vins-blancs\">\n\t\r\n\r\n<div class=\"gg-product-image-wrapper\"><\/div><\/a><div class=\"gg-product-meta-wrapper\">\n\t<span class=\"price\"><span class=\"woocommerce-Price-amount amount\"><bdi>29.00<span class=\"woocommerce-Price-currencySymbol\">&euro;<\/span><\/bdi><\/span><\/span>\n<a href=\"?add-to-cart=5211\" data-quantity=\"1\" class=\"button product_type_simple add_to_cart_button ajax_add_to_cart\" data-product_id=\"5211\" data-product_sku=\"\" aria-label=\"Add \u201cRiesling W Lieu-dit Mittelbourg\u201d to your basket\" rel=\"nofollow\" data-no-translation=\"\" data-trp-gettext=\"\" data-no-translation-aria-label=\"\">Add to basket<\/a><\/div>\n\t<\/div>\n\t<div class=\"product  grid-cat-dejeuner\">\n\t\r\n\r\n<div class=\"gg-product-image-wrapper\"><\/div><\/a><div class=\"gg-product-meta-wrapper\">\n\t<span class=\"price\"><span class=\"woocommerce-Price-amount amount\"><bdi>250.00<span class=\"woocommerce-Price-currencySymbol\">&euro;<\/span><\/bdi><\/span><\/span>\n<a href=\"?add-to-cart=5138\" data-quantity=\"1\" class=\"button product_type_simple add_to_cart_button ajax_add_to_cart\" data-product_id=\"5138\" data-product_sku=\"\" aria-label=\"Add \u201cD\u00e9jeuner d&#039;exception au c\u0153ur des vignes\u201d to your basket\" rel=\"nofollow\" data-no-translation=\"\" data-trp-gettext=\"\" data-no-translation-aria-label=\"\">Add to basket<\/a><\/div>\n\t<\/div>\n\t<div class=\"product  grid-cat-event-domaine\">\n\t\r\n\r\n<div class=\"gg-product-image-wrapper\"><\/div><\/a><div class=\"gg-product-meta-wrapper\">\n\t<span class=\"price\"><span class=\"woocommerce-Price-amount amount\"><bdi>25.00<span class=\"woocommerce-Price-currencySymbol\">&euro;<\/span><\/bdi><\/span><\/span>\n<a href=\"?add-to-cart=5120\" data-quantity=\"1\" class=\"button product_type_simple add_to_cart_button ajax_add_to_cart\" data-product_id=\"5120\" data-product_sku=\"\" aria-label=\"Add \u201cRepas sp\u00e9cial F\u00eate des P\u00e8res - Billet Enfant\u201d to your basket\" rel=\"nofollow\" data-no-translation=\"\" data-trp-gettext=\"\" data-no-translation-aria-label=\"\">Add to basket<\/a><\/div>\n\t<\/div>\n\t<div class=\"product  grid-cat-event-domaine\">\n\t\r\n\r\n<div class=\"gg-product-image-wrapper\"><\/div><\/a><div class=\"gg-product-meta-wrapper\">\n\t<span class=\"price\"><span class=\"woocommerce-Price-amount amount\"><bdi>50.00<span class=\"woocommerce-Price-currencySymbol\">&euro;<\/span><\/bdi><\/span><\/span>\n<a href=\"?add-to-cart=5110\" data-quantity=\"1\" class=\"button product_type_simple add_to_cart_button ajax_add_to_cart\" data-product_id=\"5110\" data-product_sku=\"\" aria-label=\"Add \u201cRepas sp\u00e9cial F\u00eate des P\u00e8res - Billet Adulte\u201d to your basket\" rel=\"nofollow\" data-no-translation=\"\" data-trp-gettext=\"\" data-no-translation-aria-label=\"\">Add to basket<\/a><\/div>\n\t<\/div>\n\t<div class=\"product  grid-cat-gewurztraminer-vendange-tardive grid-cat-vins-blancs\">\n\t\r\n\r\n<div class=\"gg-product-image-wrapper\"><\/div><\/a><div class=\"gg-product-meta-wrapper\">\n\t<span class=\"price\"><span class=\"woocommerce-Price-amount amount\"><bdi>33.00<span class=\"woocommerce-Price-currencySymbol\">&euro;<\/span><\/bdi><\/span><\/span>\n<a href=\"?add-to-cart=5051\" data-quantity=\"1\" class=\"button product_type_simple add_to_cart_button ajax_add_to_cart\" data-product_id=\"5051\" data-product_sku=\"\" aria-label=\"Add \u201cGewurztraminer Vendanges Tardives 50cl\u201d to your basket\" rel=\"nofollow\" data-no-translation=\"\" data-trp-gettext=\"\" data-no-translation-aria-label=\"\">Add to basket<\/a><\/div>\n\t<\/div>\n\t<div class=\"product  grid-cat-gewurztraminer-vendange-tardive grid-cat-vins-blancs\">\n\t\r\n\r\n<div class=\"gg-product-image-wrapper\"><\/div><\/a><div class=\"gg-product-meta-wrapper\">\n\t<span class=\"price\"><span class=\"woocommerce-Price-amount amount\"><bdi>35.00<span class=\"woocommerce-Price-currencySymbol\">&euro;<\/span><\/bdi><\/span><\/span>\n<a href=\"?add-to-cart=5045\" data-quantity=\"1\" class=\"button product_type_simple add_to_cart_button ajax_add_to_cart\" data-product_id=\"5045\" data-product_sku=\"\" aria-label=\"Add \u201cGewurztraminer S\u00e9lections de Grains Nobles 37.50 cl\u201d to your basket\" rel=\"nofollow\" data-no-translation=\"\" data-trp-gettext=\"\" data-no-translation-aria-label=\"\">Add to basket<\/a><\/div>\n\t<\/div>\n\t<div class=\"product  grid-cat-pinot-noir-eleve-en-fut-de-chene grid-cat-vin-rouge\">\n\t\r\n\r\n<div class=\"gg-product-image-wrapper\"><\/div><\/a><div class=\"gg-product-meta-wrapper\">\n\t<span class=\"price\"><span class=\"woocommerce-Price-amount amount\"><bdi>53.00<span class=\"woocommerce-Price-currencySymbol\">&euro;<\/span><\/bdi><\/span><\/span>\n<a href=\"?add-to-cart=5043\" data-quantity=\"1\" class=\"button product_type_simple add_to_cart_button ajax_add_to_cart\" data-product_id=\"5043\" data-product_sku=\"\" aria-label=\"Add \u201cPinot Noir Lieu-dit Mittelbourg 2022\u201d to your basket\" rel=\"nofollow\" data-no-translation=\"\" data-trp-gettext=\"\" data-no-translation-aria-label=\"\">Add to basket<\/a><\/div>\n\t<\/div>\n\t<div class=\"product  grid-cat-cremant-2\">\n\t\r\n\r\n<div class=\"gg-product-image-wrapper\"><\/div><\/a><div class=\"gg-product-meta-wrapper\">\n\t<span class=\"price\"><span class=\"woocommerce-Price-amount amount\"><bdi>36.00<span class=\"woocommerce-Price-currencySymbol\">&euro;<\/span><\/bdi><\/span><\/span>\n<a href=\"?add-to-cart=4985\" data-quantity=\"1\" class=\"button product_type_simple add_to_cart_button ajax_add_to_cart\" data-product_id=\"4985\" data-product_sku=\"\" aria-label=\"Add \u201cCr\u00e9mant L&#039;origine 1253 Mill\u00e9sime 2019\u201d to your basket\" rel=\"nofollow\" data-no-translation=\"\" data-trp-gettext=\"\" data-no-translation-aria-label=\"\">Add to basket<\/a><\/div>\n\t<\/div>\n\t<div class=\"product  grid-cat-riesling grid-cat-vins-blancs\">\n\t\r\n\r\n<div class=\"gg-product-image-wrapper\"><\/div><\/a><div class=\"gg-product-meta-wrapper\">\n\t<span class=\"price\"><span class=\"woocommerce-Price-amount amount\"><bdi>23.00<span class=\"woocommerce-Price-currencySymbol\">&euro;<\/span><\/bdi><\/span><\/span>\n<a href=\"?add-to-cart=4937\" data-quantity=\"1\" class=\"button product_type_simple add_to_cart_button ajax_add_to_cart\" data-product_id=\"4937\" data-product_sku=\"\" aria-label=\"Add \u201cRiesling W LANGZUG\u201d to your basket\" rel=\"nofollow\" data-no-translation=\"\" data-trp-gettext=\"\" data-no-translation-aria-label=\"\">Add to basket<\/a><\/div>\n\t<\/div>\n\t<div class=\"product  grid-cat-gewurztraminer-vendange-tardive grid-cat-vins-blancs\">\n\t\r\n\r\n<div class=\"gg-product-image-wrapper\"><\/div><\/a><div class=\"gg-product-meta-wrapper\">\n\t<span class=\"price\"><span class=\"woocommerce-Price-amount amount\"><bdi>49.00<span class=\"woocommerce-Price-currencySymbol\">&euro;<\/span><\/bdi><\/span><\/span>\n<a href=\"?add-to-cart=4886\" data-quantity=\"1\" class=\"button product_type_simple add_to_cart_button ajax_add_to_cart\" data-product_id=\"4886\" data-product_sku=\"\" aria-label=\"Add \u201cGewurztraminer S\u00e9lections de Grains Nobles\u201d to your basket\" rel=\"nofollow\" data-no-translation=\"\" data-trp-gettext=\"\" data-no-translation-aria-label=\"\">Add to basket<\/a><\/div>\n\t<\/div>\n\t<div class=\"product  grid-cat-gewurztraminer-vendange-tardive grid-cat-vins-blancs\">\n\t\r\n\r\n<div class=\"gg-product-image-wrapper\"><\/div><\/a><div class=\"gg-product-meta-wrapper\">\n\t<span class=\"price\"><span class=\"woocommerce-Price-amount amount\"><bdi>53.00<span class=\"woocommerce-Price-currencySymbol\">&euro;<\/span><\/bdi><\/span><\/span>\n<a href=\"?add-to-cart=4779\" data-quantity=\"1\" class=\"button product_type_simple add_to_cart_button ajax_add_to_cart\" data-product_id=\"4779\" data-product_sku=\"\" aria-label=\"Add \u201cGewurztraminer Vendanges Tardives\u201d to your basket\" rel=\"nofollow\" data-no-translation=\"\" data-trp-gettext=\"\" data-no-translation-aria-label=\"\">Add to basket<\/a><\/div>\n\t<\/div>\n\t<div class=\"product  grid-cat-pinot-noir-eleve-en-fut-de-chene grid-cat-vin-rouge\">\n\t\r\n\r\n<div class=\"gg-product-image-wrapper\"><\/div><\/a><div class=\"gg-product-meta-wrapper\">\n\t<span class=\"price\"><span class=\"woocommerce-Price-amount amount\"><bdi>38.00<span class=\"woocommerce-Price-currencySymbol\">&euro;<\/span><\/bdi><\/span><\/span>\n<a href=\"?add-to-cart=4776\" data-quantity=\"1\" class=\"button product_type_simple add_to_cart_button ajax_add_to_cart\" data-product_id=\"4776\" data-product_sku=\"\" aria-label=\"Add \u201cPinot Noir Lieu-dit Finkennest 2023\u201d to your basket\" rel=\"nofollow\" data-no-translation=\"\" data-trp-gettext=\"\" data-no-translation-aria-label=\"\">Add to basket<\/a><\/div>\n\t<\/div>\n\t<div class=\"product  grid-cat-pinot-gris-eleve-en-fut-de-chene grid-cat-vins-blancs\">\n\t\r\n\r\n<div class=\"gg-product-image-wrapper\"><\/div><\/a><div class=\"gg-product-meta-wrapper\">\n\t<span class=\"price\"><span class=\"woocommerce-Price-amount amount\"><bdi>29.00<span class=\"woocommerce-Price-currencySymbol\">&euro;<\/span><\/bdi><\/span><\/span>\n<a href=\"?add-to-cart=4768\" data-quantity=\"1\" class=\"button product_type_simple add_to_cart_button ajax_add_to_cart\" data-product_id=\"4768\" data-product_sku=\"\" aria-label=\"Add \u201cPinot Gris Lieu-dit Mittelbourg 2022\u201d to your basket\" rel=\"nofollow\" data-no-translation=\"\" data-trp-gettext=\"\" data-no-translation-aria-label=\"\">Add to basket<\/a><\/div>\n\t<\/div>\n\t<div class=\"product  grid-cat-vin-orange\">\n\t\r\n\r\n<div class=\"gg-product-image-wrapper\"><\/div><\/a><div class=\"gg-product-meta-wrapper\">\n\t<span class=\"price\"><span class=\"woocommerce-Price-amount amount\"><bdi>19.00<span class=\"woocommerce-Price-currencySymbol\">&euro;<\/span><\/bdi><\/span><\/span>\n<a href=\"?add-to-cart=4757\" data-quantity=\"1\" class=\"button product_type_simple add_to_cart_button ajax_add_to_cart\" data-product_id=\"4757\" data-product_sku=\"\" aria-label=\"Add \u201cOrange Nature 2023\u201d to your basket\" rel=\"nofollow\" data-no-translation=\"\" data-trp-gettext=\"\" data-no-translation-aria-label=\"\">Add to basket<\/a><\/div>\n\t<\/div>\n\t<div class=\"product  grid-cat-cremant-2\">\n\t\r\n\r\n<div class=\"gg-product-image-wrapper\"><\/div><\/a><div class=\"gg-product-meta-wrapper\">\n\t<span class=\"price\"><span class=\"woocommerce-Price-amount amount\"><bdi>19.00<span class=\"woocommerce-Price-currencySymbol\">&euro;<\/span><\/bdi><\/span><\/span>\n<a href=\"?add-to-cart=4623\" data-quantity=\"1\" class=\"button product_type_simple add_to_cart_button ajax_add_to_cart\" data-product_id=\"4623\" data-product_sku=\"\" aria-label=\"Add \u201cCr\u00e9mant Brut Nature\u201d to your basket\" rel=\"nofollow\" data-no-translation=\"\" data-trp-gettext=\"\" data-no-translation-aria-label=\"\">Add to basket<\/a><\/div>\n\t<\/div>\n\t<div class=\"product  grid-cat-magnum grid-cat-riesling grid-cat-vins-blancs\">\n\t\r\n\r\n<div class=\"gg-product-image-wrapper\"><\/div><\/a><div class=\"gg-product-meta-wrapper\">\n\t<span class=\"price\"><span class=\"woocommerce-Price-amount amount\"><bdi>75.00<span class=\"woocommerce-Price-currencySymbol\">&euro;<\/span><\/bdi><\/span><\/span>\n<a href=\"?add-to-cart=4395\" data-quantity=\"1\" class=\"button product_type_simple add_to_cart_button ajax_add_to_cart\" data-product_id=\"4395\" data-product_sku=\"\" aria-label=\"Add \u201cMagnum Riesling W\u201d to your basket\" rel=\"nofollow\" data-no-translation=\"\" data-trp-gettext=\"\" data-no-translation-aria-label=\"\">Add to basket<\/a><\/div>\n\t<\/div>\n\t<div class=\"product  grid-cat-magnum grid-cat-pinot-noir\">\n\t\r\n\r\n<div class=\"gg-product-image-wrapper\"><\/div><\/a><div class=\"gg-product-meta-wrapper\">\n\t<span class=\"price\"><span class=\"woocommerce-Price-amount amount\"><bdi>89.00<span class=\"woocommerce-Price-currencySymbol\">&euro;<\/span><\/bdi><\/span><\/span>\n<a href=\"?add-to-cart=4393\" data-quantity=\"1\" class=\"button product_type_simple add_to_cart_button ajax_add_to_cart\" data-product_id=\"4393\" data-product_sku=\"\" aria-label=\"Add \u201cMagnum Pinot Noir Lieu-dit Finkennest 2022\u201d to your basket\" rel=\"nofollow\" data-no-translation=\"\" data-trp-gettext=\"\" data-no-translation-aria-label=\"\">Add to basket<\/a><\/div>\n\t<\/div>\n\t<div class=\"product  grid-cat-pinot-noir\">\n\t\n\t<\/div>\n\t<div class=\"product  grid-cat-guewurztraminer grid-cat-vins-blancs\">\n\t\r\n\r\n<div class=\"gg-product-image-wrapper\"><\/div><\/a><div class=\"gg-product-meta-wrapper\">\n\t<span class=\"price\"><span class=\"woocommerce-Price-amount amount\"><bdi>23.00<span class=\"woocommerce-Price-currencySymbol\">&euro;<\/span><\/bdi><\/span><\/span>\n<a href=\"?add-to-cart=3804\" data-quantity=\"1\" class=\"button product_type_simple add_to_cart_button ajax_add_to_cart\" data-product_id=\"3804\" data-product_sku=\"\" aria-label=\"Add \u201cGewurztraminer W Lieu-dit Mittelbourg\u201d to your basket\" rel=\"nofollow\" data-no-translation=\"\" data-trp-gettext=\"\" data-no-translation-aria-label=\"\">Add to basket<\/a><\/div>\n\t<\/div>\n\t<div class=\"product  grid-cat-cremant-2 grid-cat-magnum\">\n\t\r\n\r\n<div class=\"gg-product-image-wrapper\"><\/div><\/a><div class=\"gg-product-meta-wrapper\">\n\t<span class=\"price\"><span class=\"woocommerce-Price-amount amount\"><bdi>40.00<span class=\"woocommerce-Price-currencySymbol\">&euro;<\/span><\/bdi><\/span><\/span>\n<a href=\"?add-to-cart=3767\" data-quantity=\"1\" class=\"button product_type_simple add_to_cart_button ajax_add_to_cart\" data-product_id=\"3767\" data-product_sku=\"\" aria-label=\"Add \u201cMagnum Cr\u00e9mant Brut Nature\u201d to your basket\" rel=\"nofollow\" data-no-translation=\"\" data-trp-gettext=\"\" data-no-translation-aria-label=\"\">Add to basket<\/a><\/div>\n\t<\/div>\n\t<div class=\"product  grid-cat-cuvee-lolo grid-cat-vins-blancs\">\n\t\r\n\r\n<div class=\"gg-product-image-wrapper\"><\/div><\/a><div class=\"gg-product-meta-wrapper\">\n\t<span class=\"price\"><span class=\"woocommerce-Price-amount amount\"><bdi>12.00<span class=\"woocommerce-Price-currencySymbol\">&euro;<\/span><\/bdi><\/span><\/span>\n<a href=\"?add-to-cart=3622\" data-quantity=\"1\" class=\"button product_type_simple add_to_cart_button ajax_add_to_cart\" data-product_id=\"3622\" data-product_sku=\"\" aria-label=\"Add \u201cCuv\u00e9e Lolo\u201d to your basket\" rel=\"nofollow\" data-no-translation=\"\" data-trp-gettext=\"\" data-no-translation-aria-label=\"\">Add to basket<\/a><\/div>\n\t<\/div>\n\t<div class=\"product  grid-cat-riesling grid-cat-vins-blancs\">\n\t\r\n\r\n<div class=\"gg-product-image-wrapper\"><\/div><\/a><div class=\"gg-product-meta-wrapper\">\n\t<span class=\"price\"><span class=\"woocommerce-Price-amount amount\"><bdi>23.00<span class=\"woocommerce-Price-currencySymbol\">&euro;<\/span><\/bdi><\/span><\/span>\n<a href=\"?add-to-cart=3620\" data-quantity=\"1\" class=\"button product_type_simple add_to_cart_button ajax_add_to_cart\" data-product_id=\"3620\" data-product_sku=\"\" aria-label=\"Add \u201cRiesling W\u201d to your basket\" rel=\"nofollow\" data-no-translation=\"\" data-trp-gettext=\"\" data-no-translation-aria-label=\"\">Add to basket<\/a><\/div>\n\t<\/div>\n\t<div class=\"product  grid-cat-pinot-gris grid-cat-vins-blancs\">\n\t\r\n\r\n<div class=\"gg-product-image-wrapper\"><\/div><\/a><div class=\"gg-product-meta-wrapper\">\n\t<span class=\"price\"><span class=\"woocommerce-Price-amount amount\"><bdi>19.00<span class=\"woocommerce-Price-currencySymbol\">&euro;<\/span><\/bdi><\/span><\/span>\n<a href=\"?add-to-cart=3618\" data-quantity=\"1\" class=\"button product_type_simple add_to_cart_button ajax_add_to_cart\" data-product_id=\"3618\" data-product_sku=\"\" aria-label=\"Add \u201cPinot gris W\u201d to your basket\" rel=\"nofollow\" data-no-translation=\"\" data-trp-gettext=\"\" data-no-translation-aria-label=\"\">Add to basket<\/a><\/div>\n\t<\/div>\n\t<div class=\"product  grid-cat-cremant-2\">\n\t\r\n\r\n<div class=\"gg-product-image-wrapper\"><\/div><\/a><div class=\"gg-product-meta-wrapper\">\n\t<span class=\"price\"><span class=\"woocommerce-Price-amount amount\"><bdi>19.00<span class=\"woocommerce-Price-currencySymbol\">&euro;<\/span><\/bdi><\/span><\/span>\n<a href=\"?add-to-cart=3616\" data-quantity=\"1\" class=\"button product_type_simple add_to_cart_button ajax_add_to_cart\" data-product_id=\"3616\" data-product_sku=\"\" aria-label=\"Add \u201cCr\u00e9mant Ros\u00e9 Brut Nature\u201d to your basket\" rel=\"nofollow\" data-no-translation=\"\" data-trp-gettext=\"\" data-no-translation-aria-label=\"\">Add to basket<\/a><\/div>\n\t<\/div>\n\t<\/div>\n\t<\/div>\n\t<\/div><\/div><\/div><\/div><\/div>","protected":false},"excerpt":{"rendered":"Terroir et Situation Vieilles vignes de Pinot noir plant\u00e9es d\u00e9but des ann\u00e9es 80 sur L\u2019Orschwillerbourg-Winckel. Vignes en pente faible situ\u00e9es \u00e0 la sortie de la ville de Soultz. La roche<br class=\"read-more-spacer\"> <a class=\"more-link\" href=\"https:\/\/weinzaepfel.fr\/en\/product\/cremant-rose-brut-nature-2019\/\">Read More<\/a>","protected":false},"author":1,"featured_media":0,"parent":0,"menu_order":0,"comment_status":"closed","ping_status":"closed","template":"","meta":{"footnotes":""},"class_list":["post-2174","page","type-page","status-publish","hentry"],"_links":{"self":[{"href":"https:\/\/weinzaepfel.fr\/en\/wp-json\/wp\/v2\/pages\/2174"}],"collection":[{"href":"https:\/\/weinzaepfel.fr\/en\/wp-json\/wp\/v2\/pages"}],"about":[{"href":"https:\/\/weinzaepfel.fr\/en\/wp-json\/wp\/v2\/types\/page"}],"author":[{"embeddable":true,"href":"https:\/\/weinzaepfel.fr\/en\/wp-json\/wp\/v2\/users\/1"}],"replies":[{"embeddable":true,"href":"https:\/\/weinzaepfel.fr\/en\/wp-json\/wp\/v2\/comments?post=2174"}],"version-history":[{"count":0,"href":"https:\/\/weinzaepfel.fr\/en\/wp-json\/wp\/v2\/pages\/2174\/revisions"}],"wp:attachment":[{"href":"https:\/\/weinzaepfel.fr\/en\/wp-json\/wp\/v2\/media?parent=2174"}],"curies":[{"name":"wp","href":"https:\/\/api.w.org\/{rel}","templated":true}]}}