{"id":5120,"date":"2024-05-07T00:25:34","date_gmt":"2024-05-06T22:25:34","guid":{"rendered":"https:\/\/weinzaepfel.fr\/?post_type=product&#038;p=5120"},"modified":"2024-05-08T17:42:21","modified_gmt":"2024-05-08T15:42:21","slug":"repas-special-fete-des-peres-billet-enfant","status":"publish","type":"product","link":"https:\/\/weinzaepfel.fr\/en\/product\/repas-special-fete-des-peres-billet-enfant\/","title":{"rendered":"Repas sp\u00e9cial F\u00eate des P\u00e8res &#8211; Billet Enfant"},"content":{"rendered":"<div class=\"vc_row wpb_row vc_row-fluid vc_custom_1625136982025 vc_row-has-fill vc_row-o-content-top vc_row-flex\"><div class=\"wpb_animate_when_almost_visible wpb_left-to-right left-to-right wpb_column vc_column_container vc_col-sm-6 vc_col-lg-6 vc_col-md-6 vc_hidden-md vc_hidden-sm vc_hidden-xs\"><div class=\"vc_column-inner vc_custom_1637936081410\"><div class=\"wpb_wrapper\"><div class=\"vc_empty_space\"   style=\"height: 25px\"><span class=\"vc_empty_space_inner\"><\/span><\/div>\n\t<div class=\"wpb_text_column wpb_content_element\" >\n\t\t<div class=\"wpb_wrapper\">\n\t\t\t<p class=\"_04xlpA direction-ltr align-justify para-style-body\" style=\"text-align: center;\"><i><strong>MENU<\/strong><\/i><\/p>\n<p style=\"text-align: center;\"><i><strong>Mets \u00e9labor\u00e9s par nos soins<\/strong><\/i><\/p>\n<p style=\"text-align: center;\"><i>Cake aux blettes et au saumon<\/i><\/p>\n<p style=\"text-align: center;\"><i>En accord avec le Cr\u00e9mant Brut Nature 2019<\/i><\/p>\n<p style=\"text-align: center;\">~<\/p>\n<p style=\"text-align: center;\"><i>C\u00f4te de b\u0153uf, brochette de crevettes, poisson, l\u00e9gumes et salades\u00a0<\/i><\/p>\n<p style=\"text-align: center;\"><i>En accord avec le Pinot Noir W 2022 ou l&rsquo;Orange Nature 2022<\/i><\/p>\n<p style=\"text-align: center;\">~<\/p>\n<p style=\"text-align: center;\"><i>Charlotte aux fruits rouges ou mousse au Chocolat\u00a0<\/i><\/p>\n<p style=\"text-align: center;\"><i>En accord avec le Gewurztraminer W Lieu-dit Mittelbourg 2022<\/i><\/p>\n<p style=\"text-align: center;\"><i>~<\/i><\/p>\n<p style=\"text-align: center;\"><i>Caf\u00e9\u00a0<\/i><\/p>\n\n\t\t<\/div>\n\t<\/div>\n<\/div><\/div><\/div><div class=\"wpb_animate_when_almost_visible wpb_right-to-left right-to-left wpb_column vc_column_container vc_col-sm-12 vc_col-lg-6 vc_col-md-6 vc_hidden-md vc_hidden-sm vc_hidden-xs\"><div class=\"vc_column-inner\"><div class=\"wpb_wrapper\"><div class=\"vc_empty_space\"   style=\"height: 42px\"><span class=\"vc_empty_space_inner\"><\/span><\/div>\n\t<div  class=\"wpb_single_image wpb_content_element vc_align_left  vc_custom_1715024291581\">\n\t\t\n\t\t<figure class=\"wpb_wrapper vc_figure\">\n\t\t\t<div class=\"vc_single_image-wrapper   vc_box_border_grey\"><img loading=\"lazy\" decoding=\"async\" width=\"900\" height=\"900\" src=\"https:\/\/weinzaepfel.fr\/wp-content\/uploads\/2024\/05\/brasero-ofyr-professionnel-.jpg\" class=\"vc_single_image-img attachment-full\" alt=\"\" srcset=\"https:\/\/weinzaepfel.fr\/wp-content\/uploads\/2024\/05\/brasero-ofyr-professionnel-.jpg 900w, https:\/\/weinzaepfel.fr\/wp-content\/uploads\/2024\/05\/brasero-ofyr-professionnel--300x300.jpg 300w, https:\/\/weinzaepfel.fr\/wp-content\/uploads\/2024\/05\/brasero-ofyr-professionnel--150x150.jpg 150w, https:\/\/weinzaepfel.fr\/wp-content\/uploads\/2024\/05\/brasero-ofyr-professionnel--768x768.jpg 768w, https:\/\/weinzaepfel.fr\/wp-content\/uploads\/2024\/05\/brasero-ofyr-professionnel--12x12.jpg 12w, https:\/\/weinzaepfel.fr\/wp-content\/uploads\/2024\/05\/brasero-ofyr-professionnel--140x140.jpg 140w\" sizes=\"(max-width: 900px) 100vw, 900px\" \/><\/div>\n\t\t<\/figure>\n\t<\/div>\n<\/div><\/div><\/div><\/div><div class=\"vc_row wpb_row vc_row-fluid vc_custom_1625136973825 vc_row-has-fill vc_row-o-content-top vc_row-flex\"><div class=\"wpb_animate_when_almost_visible wpb_left-to-right left-to-right wpb_column vc_column_container vc_col-sm-12 vc_col-lg-6 vc_col-md-6 vc_hidden-md vc_hidden-sm vc_hidden-xs\"><div class=\"vc_column-inner\"><div class=\"wpb_wrapper\">\n\t<div  class=\"wpb_single_image wpb_content_element vc_align_left  vc_custom_1715028328176\">\n\t\t\n\t\t<figure class=\"wpb_wrapper vc_figure\">\n\t\t\t<div class=\"vc_single_image-wrapper   vc_box_border_grey\"><img loading=\"lazy\" decoding=\"async\" width=\"2560\" height=\"1707\" src=\"https:\/\/weinzaepfel.fr\/wp-content\/uploads\/2024\/05\/IMG_7662-scaled.jpeg\" class=\"vc_single_image-img attachment-full\" alt=\"\" srcset=\"https:\/\/weinzaepfel.fr\/wp-content\/uploads\/2024\/05\/IMG_7662-scaled.jpeg 2560w, https:\/\/weinzaepfel.fr\/wp-content\/uploads\/2024\/05\/IMG_7662-300x200.jpeg 300w, https:\/\/weinzaepfel.fr\/wp-content\/uploads\/2024\/05\/IMG_7662-1024x683.jpeg 1024w, https:\/\/weinzaepfel.fr\/wp-content\/uploads\/2024\/05\/IMG_7662-768x512.jpeg 768w, https:\/\/weinzaepfel.fr\/wp-content\/uploads\/2024\/05\/IMG_7662-1536x1024.jpeg 1536w, https:\/\/weinzaepfel.fr\/wp-content\/uploads\/2024\/05\/IMG_7662-2048x1365.jpeg 2048w, https:\/\/weinzaepfel.fr\/wp-content\/uploads\/2024\/05\/IMG_7662-18x12.jpeg 18w\" sizes=\"(max-width: 2560px) 100vw, 2560px\" \/><\/div>\n\t\t<\/figure>\n\t<\/div>\n<\/div><\/div><\/div><div class=\"wpb_animate_when_almost_visible wpb_right-to-left right-to-left wpb_column vc_column_container vc_col-sm-6 vc_col-lg-6 vc_col-md-6 vc_hidden-md vc_hidden-sm vc_hidden-xs\"><div class=\"vc_column-inner vc_custom_1637936088111\"><div class=\"wpb_wrapper\">\n\t<div class=\"wpb_text_column wpb_content_element\" >\n\t\t<div class=\"wpb_wrapper\">\n\t\t\t<p style=\"text-align: justify;\">Durant cette journ\u00e9e exceptionnelle, vous aurez l&rsquo;occasion de d\u00e9couvrir notre cave de 1253 ainsi que d\u00e9guster nos diff\u00e9rents vins.<\/p>\n<p>Nous travaillons en famille, et entretenons cette proximit\u00e9 affective avec nos clients. Cet \u00e9v\u00e8nement sera une opportunit\u00e9 unique de profiter en famille au sein d&rsquo;un lieu authentique et pour nous, de vous partager notre philosophie !<\/p>\n<p>Pour un moment de confort et de convivialit\u00e9, des \u00ab\u00a0canap\u00e9s palettes\u00a0\u00bb seront install\u00e9s pour l&rsquo;ap\u00e9ritif et pour le repas, des tables seront dress\u00e9es par famille.<\/p>\n\n\t\t<\/div>\n\t<\/div>\n<\/div><\/div><\/div><\/div><div data-vc-full-width=\"true\" data-vc-full-width-init=\"false\" data-vc-stretch-content=\"true\" class=\"vc_row wpb_row vc_row-fluid vc_custom_1624287233712 vc_row-has-fill vc_row-o-content-top vc_row-flex\"><div class=\"wpb_column vc_column_container vc_col-sm-12\"><div class=\"vc_column-inner\"><div class=\"wpb_wrapper\"><div class=\"vc_empty_space\"   style=\"height: 30px\"><span class=\"vc_empty_space_inner\"><\/span><\/div><\/div><\/div><\/div><\/div><div class=\"vc_row-full-width vc_clearfix\"><\/div><div data-vc-full-width=\"true\" data-vc-full-width-init=\"false\" class=\"vc_row wpb_row vc_row-fluid vc_custom_1624974449111 vc_row-has-fill vc_row-o-content-top vc_row-flex\"><div class=\"wpb_column vc_column_container vc_col-sm-3\"><div class=\"vc_column-inner\"><div class=\"wpb_wrapper\">\n\t<div  class=\"wpb_single_image wpb_content_element vc_align_left\">\n\t\t\n\t\t<figure class=\"wpb_wrapper vc_figure\">\n\t\t\t<div class=\"vc_single_image-wrapper   vc_box_border_grey\"><img loading=\"lazy\" decoding=\"async\" width=\"160\" height=\"86\" src=\"https:\/\/weinzaepfel.fr\/wp-content\/uploads\/2021\/06\/logoWEINZ160.png\" class=\"vc_single_image-img attachment-full\" alt=\"\" \/><\/div>\n\t\t<\/figure>\n\t<\/div>\n\n\t<div class=\"wpb_text_column wpb_content_element\" >\n\t\t<div class=\"wpb_wrapper\">\n\t\t\t<p><span style=\"color: #ffffff;\">3 Rue de la Chapelle, 68360 Soultz-Haut-Rhin<\/span><\/p>\n\n\t\t<\/div>\n\t<\/div>\n<\/div><\/div><\/div><div class=\"wpb_column vc_column_container vc_col-sm-3\"><div class=\"vc_column-inner vc_custom_1624871888116\"><div class=\"wpb_wrapper\">\n\t<div class=\"wpb_text_column wpb_content_element\" >\n\t\t<div class=\"wpb_wrapper\">\n\t\t\t<p style=\"text-align: left;\"><span style=\"color: #ffffff;\"><strong>Contact<\/strong><br \/>\n<\/span><\/p>\n\n\t\t<\/div>\n\t<\/div>\n\n\t<div  class=\"wpb_single_image wpb_content_element vc_align_left\">\n\t\t\n\t\t<figure class=\"wpb_wrapper vc_figure\">\n\t\t\t<a href=\"tel:+33686653618\" target=\"_self\" class=\"vc_single_image-wrapper   vc_box_border_grey\"><img loading=\"lazy\" decoding=\"async\" width=\"224\" height=\"38\" src=\"https:\/\/weinzaepfel.fr\/wp-content\/uploads\/2021\/06\/tle.jpg\" class=\"vc_single_image-img attachment-full\" alt=\"\" \/><\/a>\n\t\t<\/figure>\n\t<\/div>\n\n\t<div  class=\"wpb_single_image wpb_content_element vc_align_left\">\n\t\t\n\t\t<figure class=\"wpb_wrapper vc_figure\">\n\t\t\t<div class=\"vc_single_image-wrapper   vc_box_border_grey\"><img loading=\"lazy\" decoding=\"async\" width=\"224\" height=\"38\" src=\"https:\/\/weinzaepfel.fr\/wp-content\/uploads\/2021\/06\/mail.jpg\" class=\"vc_single_image-img attachment-full\" alt=\"\" \/><\/div>\n\t\t<\/figure>\n\t<\/div>\n<\/div><\/div><\/div><div class=\"wpb_column vc_column_container vc_col-sm-3\"><div class=\"vc_column-inner\"><div class=\"wpb_wrapper\">\n\t<div class=\"wpb_text_column wpb_content_element\" >\n\t\t<div class=\"wpb_wrapper\">\n\t\t\t<p><span style=\"color: #ffffff;\"><strong>Schedule <\/strong><\/span><\/p>\n\n\t\t<\/div>\n\t<\/div>\n\n\t<div class=\"wpb_text_column wpb_content_element\" >\n\t\t<div class=\"wpb_wrapper\">\n\t\t\t<p><span style=\"color: #ffffff;\">Ouvert de 8h \u00e0 20h tous les jours<\/span><\/p>\n<p>&nbsp;<\/p>\n<p><em><span style=\"color: #ffffff;\">Weekends by appointment<\/span><\/em><\/p>\n\n\t\t<\/div>\n\t<\/div>\n<\/div><\/div><\/div><div class=\"wpb_column vc_column_container vc_col-sm-3\"><div class=\"vc_column-inner\"><div class=\"wpb_wrapper\">\n\t<div  class=\"wpb_single_image wpb_content_element vc_align_left\">\n\t\t\n\t\t<figure class=\"wpb_wrapper vc_figure\">\n\t\t\t<a href=\"https:\/\/www.facebook.com\/domaineweinzaepfel\" target=\"_blank\" class=\"vc_single_image-wrapper   vc_box_border_grey\"><img loading=\"lazy\" decoding=\"async\" width=\"200\" height=\"79\" src=\"https:\/\/weinzaepfel.fr\/wp-content\/uploads\/2021\/06\/suiveznousfacebook.jpg\" class=\"vc_single_image-img attachment-large\" alt=\"\" \/><\/a>\n\t\t<\/figure>\n\t<\/div>\n\n\t<div  class=\"wpb_single_image wpb_content_element vc_align_left\">\n\t\t\n\t\t<figure class=\"wpb_wrapper vc_figure\">\n\t\t\t<a href=\"https:\/\/www.facebook.com\/domaineweinzaepfel\" target=\"_self\" class=\"vc_single_image-wrapper   vc_box_border_grey\"><img loading=\"lazy\" decoding=\"async\" width=\"200\" height=\"79\" src=\"https:\/\/weinzaepfel.fr\/wp-content\/uploads\/2021\/06\/suiveznousurinsta.jpg\" class=\"vc_single_image-img attachment-large\" alt=\"\" \/><\/a>\n\t\t<\/figure>\n\t<\/div>\n<\/div><\/div><\/div><\/div><div class=\"vc_row-full-width vc_clearfix\"><\/div><div data-vc-full-width=\"true\" data-vc-full-width-init=\"false\" data-vc-stretch-content=\"true\" class=\"vc_row wpb_row vc_row-fluid vc_custom_1624287233712 vc_row-has-fill vc_row-o-content-top vc_row-flex\"><div class=\"wpb_column vc_column_container vc_col-sm-12\"><div class=\"vc_column-inner\"><div class=\"wpb_wrapper\"><div class=\"vc_empty_space\"   style=\"height: 30px\"><span class=\"vc_empty_space_inner\"><\/span><\/div><\/div><\/div><\/div><\/div><div class=\"vc_row-full-width vc_clearfix\"><\/div>","protected":false},"excerpt":{"rendered":"<h4><\/h4>\n<h4><strong><em><span class=\"WdYUQQ text-decoration-none text-strikethrough-none\">La famille Weinzaepfel vous propose de vous retrouver autour d&rsquo;un Brasero le Dimanche 16 Juin \u00e0 12h pour c\u00e9l\u00e9brer la f\u00eate des P\u00e8res !<\/span><\/em><\/strong><\/h4>","protected":false},"featured_media":5111,"template":"","meta":[],"product_cat":[61],"product_tag":[59],"class_list":["post-5120","product","type-product","status-publish","has-post-thumbnail","hentry","product_cat-event-domaine","product_tag-repas","product_shipping_class-evenements"],"_links":{"self":[{"href":"https:\/\/weinzaepfel.fr\/en\/wp-json\/wp\/v2\/product\/5120"}],"collection":[{"href":"https:\/\/weinzaepfel.fr\/en\/wp-json\/wp\/v2\/product"}],"about":[{"href":"https:\/\/weinzaepfel.fr\/en\/wp-json\/wp\/v2\/types\/product"}],"wp:featuredmedia":[{"embeddable":true,"href":"https:\/\/weinzaepfel.fr\/en\/wp-json\/wp\/v2\/media\/5111"}],"wp:attachment":[{"href":"https:\/\/weinzaepfel.fr\/en\/wp-json\/wp\/v2\/media?parent=5120"}],"wp:term":[{"taxonomy":"product_cat","embeddable":true,"href":"https:\/\/weinzaepfel.fr\/en\/wp-json\/wp\/v2\/product_cat?post=5120"},{"taxonomy":"product_tag","embeddable":true,"href":"https:\/\/weinzaepfel.fr\/en\/wp-json\/wp\/v2\/product_tag?post=5120"}],"curies":[{"name":"wp","href":"https:\/\/api.w.org\/{rel}","templated":true}]}}